{"id":34907,"date":"2020-06-10T10:11:48","date_gmt":"2020-06-10T13:11:48","guid":{"rendered":"https:\/\/todosarquitetura.com\/quem-somos\/"},"modified":"2026-03-17T20:34:12","modified_gmt":"2026-03-17T23:34:12","slug":"about-us","status":"publish","type":"page","link":"https:\/\/todosarquitetura.com\/en\/about-us\/","title":{"rendered":"about us"},"content":{"rendered":"<div class=\"wpb-content-wrapper\"><p>[vc_row row_type=&#8221;row&#8221; use_row_as_full_screen_section=&#8221;yes&#8221; type=&#8221;full_width&#8221; text_align=&#8221;center&#8221; background_animation=&#8221;none&#8221; side_padding=&#8221;10&#8243; css_animation=&#8221;&#8221; background_color=&#8221;#fd3041&#8243;][vc_column offset=&#8221;vc_col-lg-offset-2 vc_col-lg-8 vc_col-md-offset-1 vc_col-md-10&#8243;][vc_column_text css=&#8221;.vc_custom_1598023253560{padding-top: 140px !important;padding-right: 15px !important;padding-bottom: 50px !important;padding-left: 15px !important;}&#8221;]<\/p>\n<p style=\"text-align: center;\"><span style=\"color: #ffffff;\">SOMOS UM ESCRIT\u00d3RIO DE ARQUITETURA ESPECIALIZADO EM<\/span><\/p>\n<h3 style=\"text-align: center;\"><span style=\"color: #ffffff;\">BRANDING 3D<\/span><\/h3>\n<p>&nbsp;<\/p>\n<p>&nbsp;<\/p>\n<p style=\"text-align: center;\"><span style=\"color: #ffffff;\">PARA N\u00d3S, O DESIGN \u00c9 UMA PODEROSA FERRAMENTA DE<\/span><\/p>\n<h3 style=\"text-align: center;\"><span style=\"color: #ffffff;\">COMUNICA\u00c7\u00c3O<\/span><\/h3>\n<p>&nbsp;<\/p>\n<p>&nbsp;<\/p>\n<p style=\"text-align: center;\"><span style=\"color: #ffffff;\">ATRAV\u00c9S DOS NOSSOS PROJETOS DE<\/span><\/p>\n<h3 style=\"text-align: center;\"><span style=\"color: #ffffff;\"> ARQUITETURA, INTERIORES E CENOGRAFIA<\/span><\/h3>\n<p style=\"text-align: center;\"><span style=\"color: #ffffff;\"> NARRAMOS HIST\u00d3RIAS DE PESSOAS, MARCAS E INSTITUI\u00c7\u00d5ES<\/span><\/p>\n<p>&nbsp;<\/p>\n<p>&nbsp;<\/p>\n<p style=\"text-align: center;\"><span style=\"color: #ffffff;\">PROJETAMOS EXPERI\u00caNCIAS QUE DESPERTAM<\/span><\/p>\n<h3 style=\"text-align: center;\"><span style=\"color: #ffffff;\">EMO\u00c7\u00c3O<\/span><\/h3>\n<p>[\/vc_column_text]<span class=\"q_font_elegant_holder q_icon_shortcode normal pull-center \" style=\"font-size: 50px;color: #ffffff; \"data-hover-color=#aeaeae ><span class=\"q_font_elegant_icon arrow_carrot-down\" aria-hidden=\"true\" style=\"font-size: 50px;\"><\/span><\/span>[vc_separator type=&#8221;transparent&#8221; border_style=&#8221;&#8221; up=&#8221;60&#8243;][\/vc_column][\/vc_row][vc_row row_type=&#8221;row&#8221; use_row_as_full_screen_section=&#8221;no&#8221; type=&#8221;full_width&#8221; anchor=&#8221;quemsomos&#8221; text_align=&#8221;center&#8221; background_animation=&#8221;none&#8221; css_animation=&#8221;element_from_fade&#8221;][vc_column offset=&#8221;vc_col-lg-offset-2 vc_col-lg-8 vc_col-md-offset-1 vc_col-md-8&#8243;][vc_separator type=&#8221;transparent&#8221; border_style=&#8221;&#8221; up=&#8221;30&#8243;][vc_column_text css=&#8221;.vc_custom_1708375468329{padding-right: 15px !important;padding-left: 15px !important;}&#8221;]<\/p>\n<h1 style=\"text-align: center;\"><span style=\"color: #fd4031;\">ABOUT US<img loading=\"lazy\" decoding=\"async\" class=\" wp-image-28075 alignnone\" src=\"https:\/\/todosarquitetura.com\/wp-content\/uploads\/2020\/06\/separator3.png\" alt=\"\" width=\"7\" height=\"36\" \/><\/span><\/h1>\n<p>[\/vc_column_text][vc_separator type=&#8221;transparent&#8221; border_style=&#8221;&#8221; up=&#8221;30&#8243;][vc_row_inner row_type=&#8221;row&#8221; type=&#8221;full_width&#8221; use_row_as_full_screen_section_slide=&#8221;no&#8221; text_align=&#8221;center&#8221; side_padding=&#8221;15&#8243; css_animation=&#8221;&#8221;][vc_column_inner width=&#8221;1\/2&#8243;][vc_single_image image=&#8221;33752&#8243; img_size=&#8221;full&#8221; alignment=&#8221;center&#8221; style=&#8221;vc_box_circle_2&#8243; qode_css_animation=&#8221;&#8221;][vc_separator type=&#8221;transparent&#8221; border_style=&#8221;&#8221; up=&#8221;10&#8243;][vc_column_text]<\/p>\n<h5 style=\"text-align: center;\">MAUR\u00cdCIO ARRUDA<\/h5>\n<p>[\/vc_column_text][vc_separator type=&#8221;transparent&#8221; border_style=&#8221;&#8221; up=&#8221;1&#8243;][vc_column_text]<\/p>\n<h6 style=\"text-align: center;\"><span style=\"color: #585858;\">S\u00d3CIO E HEAD DE CRIA\u00c7\u00c3O<\/span><\/h6>\n<p>[\/vc_column_text][vc_separator type=&#8221;transparent&#8221; border_style=&#8221;&#8221;][vc_separator type=&#8221;transparent&#8221; border_style=&#8221;&#8221; up=&#8221;30&#8243;][\/vc_column_inner][vc_column_inner width=&#8221;1\/2&#8243;][vc_single_image image=&#8221;33754&#8243; img_size=&#8221;full&#8221; alignment=&#8221;center&#8221; style=&#8221;vc_box_circle_2&#8243; qode_css_animation=&#8221;&#8221;][vc_separator type=&#8221;transparent&#8221; border_style=&#8221;&#8221; up=&#8221;10&#8243;][vc_column_text]<\/p>\n<h5 style=\"text-align: center;\">F\u00c1BIO MOTA<\/h5>\n<p>[\/vc_column_text][vc_separator type=&#8221;transparent&#8221; border_style=&#8221;&#8221; up=&#8221;1&#8243;][vc_column_text]<\/p>\n<h6 style=\"text-align: center;\"><span style=\"color: #585858;\">S\u00d3CIO E HEAD EXECUTIVO<\/span><\/h6>\n<p>[\/vc_column_text][vc_separator type=&#8221;transparent&#8221; border_style=&#8221;&#8221;][vc_separator type=&#8221;transparent&#8221; border_style=&#8221;&#8221; up=&#8221;30&#8243;][\/vc_column_inner][\/vc_row_inner][vc_separator type=&#8221;transparent&#8221; border_style=&#8221;&#8221; up=&#8221;10&#8243;][vc_row_inner row_type=&#8221;row&#8221; type=&#8221;full_width&#8221; use_row_as_full_screen_section_slide=&#8221;no&#8221; text_align=&#8221;left&#8221; side_padding=&#8221;15&#8243; css_animation=&#8221;&#8221;][vc_column_inner width=&#8221;1\/3&#8243;][vc_single_image image=&#8221;32998&#8243; img_size=&#8221;full&#8221; alignment=&#8221;center&#8221; qode_css_animation=&#8221;&#8221;][vc_separator type=&#8221;transparent&#8221; border_style=&#8221;&#8221; up=&#8221;10&#8243;][vc_column_text]<\/p>\n<h5 style=\"text-align: center;\">ANA DIX<\/h5>\n<p>[\/vc_column_text][vc_separator type=&#8221;transparent&#8221; border_style=&#8221;&#8221; up=&#8221;1&#8243;][vc_column_text]<\/p>\n<h6 style=\"text-align: center;\">DIRETORA DE DESENVOLVIMENTO E ATENDIMENTO<\/h6>\n<p>[\/vc_column_text][vc_separator type=&#8221;transparent&#8221; border_style=&#8221;&#8221; up=&#8221;30&#8243;][vc_separator type=&#8221;transparent&#8221; border_style=&#8221;&#8221; up=&#8221;30&#8243;][\/vc_column_inner][vc_column_inner width=&#8221;1\/3&#8243;][vc_single_image image=&#8221;32939&#8243; img_size=&#8221;full&#8221; alignment=&#8221;center&#8221; qode_css_animation=&#8221;&#8221;][vc_separator type=&#8221;transparent&#8221; border_style=&#8221;&#8221; up=&#8221;10&#8243;][vc_column_text]<\/p>\n<h5 style=\"text-align: center;\">LUCIANO BERTELA<\/h5>\n<p>[\/vc_column_text][vc_separator type=&#8221;transparent&#8221; border_style=&#8221;&#8221; up=&#8221;1&#8243;][vc_column_text]<\/p>\n<h6 style=\"text-align: center;\">COORDENADOR FINANCEIRO<\/h6>\n<p>[\/vc_column_text][vc_separator type=&#8221;transparent&#8221; border_style=&#8221;&#8221; up=&#8221;30&#8243;][vc_separator type=&#8221;transparent&#8221; border_style=&#8221;&#8221; up=&#8221;30&#8243;][\/vc_column_inner][vc_column_inner width=&#8221;1\/3&#8243;][vc_single_image image=&#8221;35691&#8243; img_size=&#8221;full&#8221; alignment=&#8221;center&#8221; css=&#8221;&#8221; qode_css_animation=&#8221;&#8221;][vc_separator type=&#8221;transparent&#8221; border_style=&#8221;&#8221; up=&#8221;30&#8243;][vc_column_text]<\/p>\n<h5 style=\"text-align: center;\">KARINA KAORI<\/h5>\n<p>[\/vc_column_text][vc_separator type=&#8221;transparent&#8221; border_style=&#8221;&#8221; up=&#8221;1&#8243;][vc_column_text css=&#8221;&#8221;]<\/p>\n<h6 style=\"text-align: center;\">COORDENADORA DE CRIA\u00c7\u00c3O<\/h6>\n<p>[\/vc_column_text][vc_separator type=&#8221;transparent&#8221; border_style=&#8221;&#8221; up=&#8221;30&#8243;][vc_separator type=&#8221;transparent&#8221; border_style=&#8221;&#8221; up=&#8221;30&#8243;][\/vc_column_inner][\/vc_row_inner][vc_row_inner row_type=&#8221;row&#8221; type=&#8221;full_width&#8221; use_row_as_full_screen_section_slide=&#8221;no&#8221; text_align=&#8221;left&#8221; side_padding=&#8221;15&#8243; css_animation=&#8221;&#8221;][vc_column_inner width=&#8221;1\/3&#8243;][vc_single_image image=&#8221;35714&#8243; img_size=&#8221;full&#8221; alignment=&#8221;center&#8221; css=&#8221;&#8221; qode_css_animation=&#8221;&#8221;][vc_separator type=&#8221;transparent&#8221; border_style=&#8221;&#8221; up=&#8221;10&#8243;][vc_column_text css=&#8221;&#8221;]<\/p>\n<h5 style=\"text-align: center;\">MARIA FERNANDA GALV\u00c3O<\/h5>\n<p>[\/vc_column_text][vc_separator type=&#8221;transparent&#8221; border_style=&#8221;&#8221; up=&#8221;1&#8243;][vc_column_text css=&#8221;&#8221;]<\/p>\n<h6 style=\"text-align: center;\">ARQUITETA DE CRIA\u00c7\u00c3O<\/h6>\n<p>[\/vc_column_text][vc_separator type=&#8221;transparent&#8221; border_style=&#8221;&#8221; up=&#8221;30&#8243;][vc_separator type=&#8221;transparent&#8221; border_style=&#8221;&#8221; up=&#8221;30&#8243;][\/vc_column_inner][vc_column_inner width=&#8221;1\/3&#8243;][vc_single_image image=&#8221;35708&#8243; img_size=&#8221;full&#8221; alignment=&#8221;center&#8221; css=&#8221;&#8221; qode_css_animation=&#8221;&#8221;][vc_separator type=&#8221;transparent&#8221; border_style=&#8221;&#8221; up=&#8221;10&#8243;][vc_column_text css=&#8221;&#8221;]<\/p>\n<h5 style=\"text-align: center;\">VICT\u00d3RIA PONTES<\/h5>\n<p>[\/vc_column_text][vc_separator type=&#8221;transparent&#8221; border_style=&#8221;&#8221; up=&#8221;1&#8243;][vc_column_text css=&#8221;&#8221;]<\/p>\n<h6 style=\"text-align: center;\">ESTAGI\u00c1RIA DE PRODU\u00c7\u00c3O<\/h6>\n<p>[\/vc_column_text][vc_separator type=&#8221;transparent&#8221; border_style=&#8221;&#8221; up=&#8221;30&#8243;][vc_separator type=&#8221;transparent&#8221; border_style=&#8221;&#8221; up=&#8221;30&#8243;][\/vc_column_inner][vc_column_inner width=&#8221;1\/3&#8243;][vc_single_image image=&#8221;35697&#8243; img_size=&#8221;full&#8221; alignment=&#8221;center&#8221; css=&#8221;&#8221; qode_css_animation=&#8221;&#8221;][vc_separator type=&#8221;transparent&#8221; border_style=&#8221;&#8221; up=&#8221;10&#8243;][vc_column_text]<\/p>\n<h5 style=\"text-align: center;\">MARCELA SILVEIRA<\/h5>\n<p>[\/vc_column_text][vc_separator type=&#8221;transparent&#8221; border_style=&#8221;&#8221; up=&#8221;1&#8243;][vc_column_text]<\/p>\n<h6 style=\"text-align: center;\">COORDENADORA DE PRODU\u00c7\u00c3O<\/h6>\n<p>[\/vc_column_text][vc_separator type=&#8221;transparent&#8221; border_style=&#8221;&#8221; up=&#8221;30&#8243;][vc_separator type=&#8221;transparent&#8221; border_style=&#8221;&#8221; up=&#8221;30&#8243;][\/vc_column_inner][\/vc_row_inner][vc_row_inner row_type=&#8221;row&#8221; type=&#8221;full_width&#8221; use_row_as_full_screen_section_slide=&#8221;no&#8221; text_align=&#8221;left&#8221; side_padding=&#8221;15&#8243; css_animation=&#8221;&#8221;][vc_column_inner width=&#8221;1\/3&#8243;][vc_single_image image=&#8221;33778&#8243; img_size=&#8221;full&#8221; alignment=&#8221;center&#8221; qode_css_animation=&#8221;&#8221;][vc_separator type=&#8221;transparent&#8221; border_style=&#8221;&#8221; up=&#8221;10&#8243;][vc_column_text]<\/p>\n<h5 style=\"text-align: center;\">PRISCILA FRAN\u00c7A<\/h5>\n<p>[\/vc_column_text][vc_separator type=&#8221;transparent&#8221; border_style=&#8221;&#8221; up=&#8221;1&#8243;][vc_column_text]<\/p>\n<h6 style=\"text-align: center;\">COORDENADORA DE DESENVOLVIMENTO E ATENDIMENTO<\/h6>\n<p>[\/vc_column_text][vc_separator type=&#8221;transparent&#8221; border_style=&#8221;&#8221; up=&#8221;30&#8243;][vc_separator type=&#8221;transparent&#8221; border_style=&#8221;&#8221; up=&#8221;30&#8243;][\/vc_column_inner][vc_column_inner width=&#8221;1\/3&#8243;][vc_single_image image=&#8221;35677&#8243; img_size=&#8221;full&#8221; alignment=&#8221;center&#8221; css=&#8221;&#8221; qode_css_animation=&#8221;&#8221;][vc_separator type=&#8221;transparent&#8221; border_style=&#8221;&#8221; up=&#8221;10&#8243;][vc_column_text css=&#8221;&#8221;]<\/p>\n<h5 style=\"text-align: center;\">AMANDA BARRETO<\/h5>\n<p>[\/vc_column_text][vc_separator type=&#8221;transparent&#8221; border_style=&#8221;&#8221; up=&#8221;1&#8243;][vc_column_text]<\/p>\n<h6 style=\"text-align: center;\">COORDENADORA COMERCIAL<\/h6>\n<p>[\/vc_column_text][vc_separator type=&#8221;transparent&#8221; border_style=&#8221;&#8221; up=&#8221;30&#8243;][vc_separator type=&#8221;transparent&#8221; border_style=&#8221;&#8221; up=&#8221;30&#8243;][\/vc_column_inner][vc_column_inner width=&#8221;1\/3&#8243;][vc_single_image image=&#8221;33763&#8243; img_size=&#8221;full&#8221; alignment=&#8221;center&#8221; qode_css_animation=&#8221;&#8221;][vc_separator type=&#8221;transparent&#8221; border_style=&#8221;&#8221; up=&#8221;10&#8243;][vc_column_text]<\/p>\n<h5 style=\"text-align: center;\">HEIDY BRIOTTO<\/h5>\n<p>[\/vc_column_text][vc_separator type=&#8221;transparent&#8221; border_style=&#8221;&#8221; up=&#8221;1&#8243;][vc_column_text]<\/p>\n<h6 style=\"text-align: center;\">COORDENADORA DE DESENVOLVIMENTO E ATENDIMENTO<\/h6>\n<p>[\/vc_column_text][vc_separator type=&#8221;transparent&#8221; border_style=&#8221;&#8221; up=&#8221;30&#8243;][vc_separator type=&#8221;transparent&#8221; border_style=&#8221;&#8221; up=&#8221;30&#8243;][\/vc_column_inner][\/vc_row_inner][vc_row_inner row_type=&#8221;row&#8221; type=&#8221;full_width&#8221; use_row_as_full_screen_section_slide=&#8221;no&#8221; text_align=&#8221;left&#8221; side_padding=&#8221;15&#8243; css_animation=&#8221;&#8221;][vc_column_inner width=&#8221;1\/3&#8243;][vc_single_image image=&#8221;35684&#8243; img_size=&#8221;400&#215;400&#8243; alignment=&#8221;center&#8221; css=&#8221;&#8221; qode_css_animation=&#8221;&#8221;][vc_separator type=&#8221;transparent&#8221; border_style=&#8221;&#8221; up=&#8221;10&#8243;][vc_column_text css=&#8221;&#8221;]<\/p>\n<h5 style=\"text-align: center;\">CAMILA BORBA<\/h5>\n<p>[\/vc_column_text][vc_separator type=&#8221;transparent&#8221; border_style=&#8221;&#8221; up=&#8221;1&#8243;][vc_column_text css=&#8221;&#8221;]<\/p>\n<h6 style=\"text-align: center;\">PRODUTORA DE CONTE\u00daDO<\/h6>\n<p>[\/vc_column_text][vc_separator type=&#8221;transparent&#8221; border_style=&#8221;&#8221; up=&#8221;30&#8243;][vc_separator type=&#8221;transparent&#8221; border_style=&#8221;&#8221; up=&#8221;30&#8243;][\/vc_column_inner][vc_column_inner width=&#8221;1\/3&#8243;][vc_single_image image=&#8221;35686&#8243; img_size=&#8221;full&#8221; alignment=&#8221;center&#8221; css=&#8221;&#8221; qode_css_animation=&#8221;&#8221;][vc_separator type=&#8221;transparent&#8221; border_style=&#8221;&#8221; up=&#8221;10&#8243;][vc_column_text css=&#8221;&#8221;]<\/p>\n<h5 style=\"text-align: center;\">VINICIUS ANTONELLI<\/h5>\n<p>[\/vc_column_text][vc_separator type=&#8221;transparent&#8221; border_style=&#8221;&#8221; up=&#8221;1&#8243;][vc_column_text]<\/p>\n<h6 style=\"text-align: center;\">COORDENADOR DE CRIA\u00c7\u00c3O<\/h6>\n<p>[\/vc_column_text][vc_separator type=&#8221;transparent&#8221; border_style=&#8221;&#8221; up=&#8221;30&#8243;][vc_separator type=&#8221;transparent&#8221; border_style=&#8221;&#8221; up=&#8221;30&#8243;][\/vc_column_inner][vc_column_inner width=&#8221;1\/3&#8243;][vc_single_image image=&#8221;35679&#8243; img_size=&#8221;full&#8221; alignment=&#8221;center&#8221; css=&#8221;&#8221; qode_css_animation=&#8221;&#8221;][vc_separator type=&#8221;transparent&#8221; border_style=&#8221;&#8221; up=&#8221;10&#8243;][vc_column_text css=&#8221;&#8221;]<\/p>\n<h5 style=\"text-align: center;\">FERNANDA KLUMPP<\/h5>\n<p>[\/vc_column_text][vc_separator type=&#8221;transparent&#8221; border_style=&#8221;&#8221; up=&#8221;1&#8243;][vc_column_text css=&#8221;&#8221;]<\/p>\n<h6 style=\"text-align: center;\">ARQUITETA DE CRIA\u00c7\u00c3O<\/h6>\n<p>[\/vc_column_text][vc_separator type=&#8221;transparent&#8221; border_style=&#8221;&#8221; up=&#8221;30&#8243;][vc_separator type=&#8221;transparent&#8221; border_style=&#8221;&#8221; up=&#8221;30&#8243;][\/vc_column_inner][\/vc_row_inner][vc_row_inner row_type=&#8221;row&#8221; type=&#8221;full_width&#8221; use_row_as_full_screen_section_slide=&#8221;no&#8221; text_align=&#8221;left&#8221; side_padding=&#8221;15&#8243; css_animation=&#8221;&#8221;][vc_column_inner width=&#8221;1\/3&#8243;][vc_single_image image=&#8221;36443&#8243; img_size=&#8221;400&#215;400&#8243; alignment=&#8221;center&#8221; css=&#8221;&#8221; qode_css_animation=&#8221;&#8221;][vc_separator type=&#8221;transparent&#8221; border_style=&#8221;&#8221; up=&#8221;10&#8243;][vc_column_text css=&#8221;&#8221;]<\/p>\n<h5 style=\"text-align: center;\">LUCIANA MAGALH\u00c3ES<\/h5>\n<p>[\/vc_column_text][vc_separator type=&#8221;transparent&#8221; border_style=&#8221;&#8221; up=&#8221;1&#8243;][vc_column_text css=&#8221;&#8221;]<\/p>\n<h6 style=\"text-align: center;\">ESTAGI\u00c1RIA DE PRODU\u00c7\u00c3O<\/h6>\n<p>[\/vc_column_text][vc_separator type=&#8221;transparent&#8221; border_style=&#8221;&#8221; up=&#8221;30&#8243;][vc_separator type=&#8221;transparent&#8221; border_style=&#8221;&#8221; up=&#8221;30&#8243;][\/vc_column_inner][vc_column_inner width=&#8221;1\/3&#8243;][vc_single_image image=&#8221;35879&#8243; img_size=&#8221;full&#8221; alignment=&#8221;center&#8221; css=&#8221;&#8221; qode_css_animation=&#8221;&#8221;][vc_separator type=&#8221;transparent&#8221; border_style=&#8221;&#8221; up=&#8221;10&#8243;][vc_column_text css=&#8221;&#8221;]<\/p>\n<h5 style=\"text-align: center;\">MARIANA FINHOLDT<\/h5>\n<p>[\/vc_column_text][vc_separator type=&#8221;transparent&#8221; border_style=&#8221;&#8221; up=&#8221;1&#8243;][vc_column_text css=&#8221;&#8221;]<\/p>\n<h6 style=\"text-align: center;\">COORDENADORA DE DESENVOLVIMENTO E ATENDIMENTO<\/h6>\n<p>[\/vc_column_text][vc_separator type=&#8221;transparent&#8221; border_style=&#8221;&#8221; up=&#8221;30&#8243;][vc_separator type=&#8221;transparent&#8221; border_style=&#8221;&#8221; up=&#8221;30&#8243;][\/vc_column_inner][vc_column_inner width=&#8221;1\/3&#8243;][vc_single_image image=&#8221;34424&#8243; img_size=&#8221;full&#8221; alignment=&#8221;center&#8221; qode_css_animation=&#8221;&#8221;][vc_separator type=&#8221;transparent&#8221; border_style=&#8221;&#8221; up=&#8221;10&#8243;][vc_column_text]<\/p>\n<h5 style=\"text-align: center;\">VANESSA PENHOELA<\/h5>\n<p>[\/vc_column_text][vc_separator type=&#8221;transparent&#8221; border_style=&#8221;&#8221; up=&#8221;1&#8243;][vc_column_text]<\/p>\n<h6 style=\"text-align: center;\">ANALISTA FINANCEIRO<\/h6>\n<p>[\/vc_column_text][vc_separator type=&#8221;transparent&#8221; border_style=&#8221;&#8221; up=&#8221;30&#8243;][vc_separator type=&#8221;transparent&#8221; border_style=&#8221;&#8221; up=&#8221;30&#8243;][\/vc_column_inner][\/vc_row_inner][vc_row_inner row_type=&#8221;row&#8221; type=&#8221;full_width&#8221; use_row_as_full_screen_section_slide=&#8221;no&#8221; text_align=&#8221;left&#8221; side_padding=&#8221;15&#8243; css_animation=&#8221;&#8221;][vc_column_inner width=&#8221;1\/3&#8243;][vc_single_image image=&#8221;34422&#8243; img_size=&#8221;400&#215;400&#8243; alignment=&#8221;center&#8221; qode_css_animation=&#8221;&#8221;][vc_separator type=&#8221;transparent&#8221; border_style=&#8221;&#8221; up=&#8221;10&#8243;][vc_column_text]<\/p>\n<h5 style=\"text-align: center;\">HELO\u00cdSA LATORRE<\/h5>\n<p>[\/vc_column_text][vc_separator type=&#8221;transparent&#8221; border_style=&#8221;&#8221; up=&#8221;1&#8243;][vc_column_text css=&#8221;&#8221;]<\/p>\n<h6 style=\"text-align: center;\">ARQUITETA DE CRIA\u00c7\u00c3O<\/h6>\n<p>[\/vc_column_text][vc_separator type=&#8221;transparent&#8221; border_style=&#8221;&#8221; up=&#8221;30&#8243;][vc_separator type=&#8221;transparent&#8221; border_style=&#8221;&#8221; up=&#8221;30&#8243;][\/vc_column_inner][\/vc_row_inner][vc_separator type=&#8221;transparent&#8221; border_style=&#8221;&#8221; up=&#8221;60&#8243;][\/vc_column][\/vc_row]<\/p>\n<\/div>","protected":false},"excerpt":{"rendered":"<p>[vc_row row_type=&#8221;row&#8221; use_row_as_full_screen_section=&#8221;yes&#8221; type=&#8221;full_width&#8221; text_align=&#8221;center&#8221; background_animation=&#8221;none&#8221; side_padding=&#8221;10&#8243; css_animation=&#8221;&#8221; background_color=&#8221;#fd3041&#8243;][vc_column offset=&#8221;vc_col-lg-offset-2 vc_col-lg-8 vc_col-md-offset-1 vc_col-md-10&#8243;][vc_column_text css=&#8221;.vc_custom_1598023253560{padding-top: 140px !important;padding-right: 15px !important;padding-bottom: 50px !important;padding-left: 15px !important;}&#8221;] SOMOS UM ESCRIT\u00d3RIO DE ARQUITETURA ESPECIALIZADO EM BRANDING 3D &nbsp; &nbsp; PARA N\u00d3S, O DESIGN \u00c9 UMA PODEROSA FERRAMENTA DE COMUNICA\u00c7\u00c3O &nbsp; &nbsp;&#8230;<\/p>\n","protected":false},"author":3,"featured_media":0,"parent":0,"menu_order":0,"comment_status":"closed","ping_status":"closed","template":"full_width.php","meta":{"footnotes":""},"class_list":["post-34907","page","type-page","status-publish","hentry"],"_links":{"self":[{"href":"https:\/\/todosarquitetura.com\/en\/wp-json\/wp\/v2\/pages\/34907\/"}],"collection":[{"href":"https:\/\/todosarquitetura.com\/en\/wp-json\/wp\/v2\/pages\/"}],"about":[{"href":"https:\/\/todosarquitetura.com\/en\/wp-json\/wp\/v2\/types\/page\/"}],"author":[{"embeddable":true,"href":"https:\/\/todosarquitetura.com\/en\/wp-json\/wp\/v2\/users\/3\/"}],"replies":[{"embeddable":true,"href":"https:\/\/todosarquitetura.com\/en\/wp-json\/wp\/v2\/comments\/?post=34907"}],"version-history":[{"count":5,"href":"https:\/\/todosarquitetura.com\/en\/wp-json\/wp\/v2\/pages\/34907\/revisions\/"}],"predecessor-version":[{"id":36630,"href":"https:\/\/todosarquitetura.com\/en\/wp-json\/wp\/v2\/pages\/34907\/revisions\/36630\/"}],"wp:attachment":[{"href":"https:\/\/todosarquitetura.com\/en\/wp-json\/wp\/v2\/media\/?parent=34907"}],"curies":[{"name":"wp","href":"https:\/\/api.w.org\/{rel}","templated":true}]}}